{"id":143,"date":"2022-04-28T12:26:04","date_gmt":"2022-04-28T12:26:04","guid":{"rendered":"https:\/\/mercado-maerkte.de\/?page_id=143"},"modified":"2026-03-25T15:02:20","modified_gmt":"2026-03-25T14:02:20","slug":"wir-sind-umgezogen-auf-einen-neuen-platz","status":"publish","type":"page","link":"https:\/\/mercado-maerkte.de\/","title":{"rendered":""},"content":{"rendered":"\n<h2 class=\"wp-block-heading has-text-color has-large-font-size\" id=\"Flohmarkt-Karlsruhe-Bannwaldalle\" style=\"color:#1db1a0;text-transform:uppercase\">Flohmarkt Karlsruhe Bannwaldallee<\/h2>\n\n\n\n<p>Hallo liebe Flohmarktfreunde.<\/p>\n\n\n\n<p>Der Flohmarkt findet jeden Samstag in der Zeit von 7-15 Uhr statt. <\/p>\n\n\n\n<p><strong>Der Platz befindet sich in der Bannwaldallee 48 76185 Karlsruhe<\/strong><\/p>\n\n\n\n<p>Als Verkaufsfl\u00e4che stehen Freifl\u00e4chen zur Verf\u00fcgung. <br>Der Flohmarkt auf dem alten Gel\u00e4nde in der Erzbergerstrasse findet nicht mehr statt. Der Platz in der Erzbergerstrasse steht aufgrund der umfangreichen Bauarbeiten rund um die Veranstaltungsfl\u00e4che nicht mehr zu Verf\u00fcgung.<\/p>\n\n\n\n<div class=\"wp-block-columns is-layout-flex wp-container-core-columns-is-layout-9d6595d7 wp-block-columns-is-layout-flex\">\n<div class=\"wp-block-column is-layout-flow wp-block-column-is-layout-flow\" style=\"flex-basis:100%\">\n<div class=\"wp-block-group\"><div class=\"wp-block-group__inner-container is-layout-flow wp-block-group-is-layout-flow\">\n<div class=\"wp-block-columns is-layout-flex wp-container-core-columns-is-layout-9d6595d7 wp-block-columns-is-layout-flex\">\n<div class=\"wp-block-column is-layout-flow wp-block-column-is-layout-flow\" style=\"flex-basis:100%\">\t\t<div\n            id=\"wpmapblock_68948c1b\"\n            data-settings='{&quot;map_marker&quot;:[{&quot;lat&quot;:&quot;48.99619&quot;,&quot;lng&quot;:&quot;8.37216&quot;,&quot;title&quot;:&quot;Flohmarkt Bannwaldallee&quot;,&quot;content&quot;:&quot;Flohmarkt in der Bannwaldallee 48 76185 Karlsruhe Ab 07.05.2022 jeden Samstag von 7-15 Uhr&quot;,&quot;iconType&quot;:&quot;default&quot;,&quot;customIconUrl&quot;:&quot;&quot;,&quot;customIconWidth&quot;:&quot;25&quot;,&quot;customIconHeight&quot;:&quot;40&quot;}],&quot;map_zoom&quot;:&quot;17&quot;,&quot;scroll_wheel_zoom&quot;:false,&quot;map_type&quot;:&quot;GM&quot;,&quot;center_index&quot;:0}'\n            class=\"wpmapblockrender\"\n            style=\"\n\t\t\twidth: 100%;\n\t\t\theight: 360px;\n\t\t\"\n            >\n        <\/div>\n        <\/div>\n<\/div>\n<\/div><\/div>\n<\/div>\n<\/div>\n\n\n\n<p>Die Platzvergabe erfolgt Samstags ab 5:30 Uhr. Jeder kann mitmachen, ohne Voranmeldung. <br>Die Preise pro Meter bleiben unver\u00e4ndert bei 10\u20ac je lfd. Meter Tr\u00f6del, sowie 13\u20ac je lfd. Meter f\u00fcr Neuware. Hinzu kommt eine M\u00fcllkaution von 5\u20ac f\u00fcr Tr\u00f6del und 20\u20ac f\u00fcr Neuware. Die Kaution wird zur\u00fcck bezahlt wenn der Platz in sauberem Zustand verlassen wird. <\/p>\n\n\n\n<p>Das Auto kann ab einer Standgr\u00f6\u00dfe von 2,5 Metern (25\u20ac Tr\u00f6del \/ 32,50\u20ac Neuware) kostenfrei am Stand stehen bleiben. Berechnet wird immer die l\u00e4ngste Standseite. Kleiderst\u00e4nder werden mit einem 1\/2 Meter berechnet.<\/p>\n\n\n\n<h2 class=\"wp-block-heading has-text-color has-large-font-size\" id=\"Flohmarkttermine-2023\" style=\"color:#1db1a0;text-transform:uppercase\"><strong><strong>Flohmarkttermine<\/strong><\/strong><\/h2>\n\n\n\n<figure class=\"wp-block-table\"><table><tbody><tr><td>Samstag, den 28.M\u00e4rz 2026 von 7-15 Uhr<\/td><\/tr><tr><td>Samstag, den 04. April 2026 von 7-15 Uhr<\/td><\/tr><tr><td>Samstag, den 11. April 2026 von 7-15 Uhr<\/td><\/tr><tr><td>Samstag, den 18. April 2026 von 7-15 Uhr<\/td><\/tr><tr><td>Samstag, den 25. April 2026 von 7-15 Uhr<\/td><\/tr><tr><td>Samstag, den 02. Mai 2026 von 7-15 Uhr<\/td><\/tr><tr><td>Samstag, den 09. Mai 2026 von 7-15 Uhr<\/td><\/tr><tr><td>Samstag, den 16. Mai 2026 von 7-15 Uhr<\/td><\/tr><tr><td>Samstag, den 23. Mai 2026 von 7-15 Uhr<\/td><\/tr><tr><td>Samstag, den 30. Mai 2026 von 7-15 Uhr<\/td><\/tr><tr><td>Samstag, den 06.Juni 2026 von 7-15 Uhr<\/td><\/tr><tr><td>Samstag, den 13.Juni 2026 von 7-15 Uhr<\/td><\/tr><tr><td>Samstag, den 20.Juni 2026 von 7-15 Uhr<\/td><\/tr><tr><td>Samstag, den 27.Juni 2026 von 7-15 Uhr<\/td><\/tr><tr><td>Samstag, den 04.Juli 2026 von 7-15 Uhr<\/td><\/tr><tr><td>Samstag, den 11.Juli 2026 von 7-15 Uhr<\/td><\/tr><tr><td>Samstag, den 18.Juli 2026 von 7-15 Uhr<\/td><\/tr><tr><td>Samstag, den 25.Juli 2026 von 7-15 Uhr<\/td><\/tr><tr><td>Samstag, den 01. August 2026 von 7-15 Uhr<\/td><\/tr><tr><td>Samstag, den 08. August 2026 von 7-15 Uhr<\/td><\/tr><tr><td>Samstag, den 15. August 2026 von 7-15 Uhr<\/td><\/tr><tr><td>Samstag, den 22. August 2026 von 7-15 Uhr<\/td><\/tr><tr><td>Samstag, den 29. August 2026 von 7-15 Uhr<\/td><\/tr><tr><td>Samstag, den 05. September 2026 von 7-15 Uhr<\/td><\/tr><tr><td>Samstag, den 12. September 2026 von 7-15 Uhr<\/td><\/tr><tr><td>Samstag, den 19. September 2026 von 7-15 Uhr<\/td><\/tr><tr><td>Samstag, den 26. September 2026 von 7-15 Uhr<\/td><\/tr><tr><td>Samstag, den 10. Oktober 2026 von 7-15 Uhr<\/td><\/tr><tr><td>Samstag, den 17. Oktober 2026 von 7-15 Uhr<\/td><\/tr><tr><td>Samstag, den 24. Oktober 2026 von 7-15 Uhr<\/td><\/tr><tr><td>Samstag, den 31. Oktober 2026 von 7-15 Uhr<\/td><\/tr><tr><td>&#8230;weitere Termine folgen.<\/td><\/tr><\/tbody><\/table><\/figure>\n\n\n\n<h2 class=\"wp-block-heading has-text-color has-large-font-size\" id=\"Wegbeschreibung\" style=\"color:#1db1a0;text-transform:uppercase\"><strong>WEGBESCHREIBUNG<\/strong><\/h2>\n\n\n\n<p><a href=\"https:\/\/mercado-maerkte.de\/wp-content\/uploads\/2022\/04\/Anfahrsbeschreibung-Flohmarkt-Bannwaldallee.pdf\" data-type=\"URL\" data-id=\"https:\/\/mercado-maerkte.de\/wp-content\/uploads\/2022\/04\/Anfahrsbeschreibung-Flohmarkt-Bannwaldallee.pdf\">-&gt; hier gibt&#8217;s die Wegbeschreibung zum Download<\/a><\/p>\n\n\n\n<p class=\"has-medium-font-size\"><strong><em>\u00d6PNV \/ KVV<\/em><\/strong><\/p>\n\n\n\n<p>Stra\u00dfenbahnlinie 4 bis Haltestelle \u201eBannwaldallee\u201c<br>Haltestelle befindet sich neben dem Veranstaltungsgel\u00e4nde<\/p>\n\n\n\n<p class=\"has-medium-font-size\"><strong><em>Autobahn A5 \/ A8<\/em><\/strong><\/p>\n\n\n\n<p>1. Aus Stuttgart kommend auf die A5 Richtung Basel<\/p>\n\n\n\n<p>2. A5 verlassen bei Ausfahrt 48-Karlsruhe-S\u00fcd Richtung <br>Karlsruhe-S\u00fcd\/Rheinstetten\/Messe KA\/Ettlingen\/U20<\/p>\n\n\n\n<p>3. Auf B3 fahren und im weiteren Verlauf der L605 folgen<\/p>\n\n\n\n<p>4. L605 verlassen bei Ausfahrt KA-Bulach in Richtung<br>KA-Gr\u00fcnwinkel\/Messe\/dm-arena\/S\u00fcdwest<\/p>\n\n\n\n<p>5. Im Kreisverkehr geradeaus in die Landgrabenstra\u00dfe fahren<br>und nach ca 400m Links abbiegen auf Bannwaldallee<\/p>\n\n\n\n<p>6. Bannwaldallee f\u00fcr ca. 700m folgen, Gel\u00e4nde befindet sich<br>auf der linken Seite. Flohmarktbeschilderung beachten.<\/p>\n\n\n\n<p class=\"has-medium-font-size\"><strong><em>Aus der Pfalz<\/em><\/strong><\/p>\n\n\n\n<p>1. Nach der Rheinbr\u00fccke der B10 folgen f\u00fcr ca 8.3km<\/p>\n\n\n\n<p>2. B10 verlassen an der Ausfahrt Richtung<br>Ka-Weststadt \/ Ka-Gr\u00fcnwinkel \/ Bannwaldallee \/ Hardeckstra\u00dfe \/ Westbahnhof<\/p>\n\n\n\n<p>3. Den rechten Fahrstreifen benutzen, um die Auffahrt<br>Richtung A5\/ A8 \/ Pforzheim \/Bannwaldallee zu nehmen<\/p>\n\n\n\n<p>4. Achtung, hier Rechts halten! (nicht zur\u00fcck auf B10)<br>Beschilderung in Richtung Bannwaldallee \/ LUBW folgen<\/p>\n\n\n\n<p>5. Bannwaldallee f\u00fcr ca. 900m folgen, Gel\u00e4nde befindet sich<br>auf der rechten Seite. Flohmarktbeschilderung beachten.<\/p>\n\n\n\n<h2 class=\"wp-block-heading has-text-color has-large-font-size\" style=\"color:#1db1a0;text-transform:uppercase\"><strong>NOCH FRAGEN? KONTAKTIERE UNS.<\/strong><\/h2>\n\n\n\n<p>Ruf uns an. <br>Unsere Telefonnummer 0170-5873487<br>oder schreib uns per Messenger oder Email an <a href=\"mailto:kontakt@mercado-maerkte.de\">kontakt@mercado-maerkte.de<\/a> <\/p>\n\n\n\n<div class=\"wp-block-columns is-layout-flex wp-container-core-columns-is-layout-9d6595d7 wp-block-columns-is-layout-flex\">\n<div class=\"wp-block-column is-layout-flow wp-block-column-is-layout-flow\">\n<figure class=\"wp-block-image size-large is-resized\"><img loading=\"lazy\" decoding=\"async\" width=\"1024\" height=\"1024\" src=\"https:\/\/mercado-maerkte.de\/wp-content\/uploads\/2022\/04\/QR-Code-WhatsApp-1-1024x1024.jpg\" alt=\"QR Code WhatsApp\" class=\"wp-image-153\" style=\"width:256px;height:256px\" srcset=\"https:\/\/mercado-maerkte.de\/wp-content\/uploads\/2022\/04\/QR-Code-WhatsApp-1-1024x1024.jpg 1024w, https:\/\/mercado-maerkte.de\/wp-content\/uploads\/2022\/04\/QR-Code-WhatsApp-1-300x300.jpg 300w, https:\/\/mercado-maerkte.de\/wp-content\/uploads\/2022\/04\/QR-Code-WhatsApp-1-150x150.jpg 150w, https:\/\/mercado-maerkte.de\/wp-content\/uploads\/2022\/04\/QR-Code-WhatsApp-1-768x768.jpg 768w, https:\/\/mercado-maerkte.de\/wp-content\/uploads\/2022\/04\/QR-Code-WhatsApp-1.jpg 1060w\" sizes=\"auto, (max-width: 1024px) 100vw, 1024px\" \/><figcaption class=\"wp-element-caption\"><strong>WhatsApp<\/strong><\/figcaption><\/figure>\n<\/div>\n\n\n\n<div class=\"wp-block-column is-layout-flow wp-block-column-is-layout-flow\">\n<figure class=\"wp-block-image size-large is-resized\"><img loading=\"lazy\" decoding=\"async\" width=\"1024\" height=\"1024\" src=\"https:\/\/mercado-maerkte.de\/wp-content\/uploads\/2022\/04\/QR-Code-Telegram-2-1024x1024.jpg\" alt=\"QR Code Telegram\" class=\"wp-image-154\" style=\"width:256px;height:256px\" srcset=\"https:\/\/mercado-maerkte.de\/wp-content\/uploads\/2022\/04\/QR-Code-Telegram-2-1024x1024.jpg 1024w, https:\/\/mercado-maerkte.de\/wp-content\/uploads\/2022\/04\/QR-Code-Telegram-2-300x300.jpg 300w, https:\/\/mercado-maerkte.de\/wp-content\/uploads\/2022\/04\/QR-Code-Telegram-2-150x150.jpg 150w, https:\/\/mercado-maerkte.de\/wp-content\/uploads\/2022\/04\/QR-Code-Telegram-2-768x768.jpg 768w, https:\/\/mercado-maerkte.de\/wp-content\/uploads\/2022\/04\/QR-Code-Telegram-2.jpg 1060w\" sizes=\"auto, (max-width: 1024px) 100vw, 1024px\" \/><figcaption class=\"wp-element-caption\"><strong>Telegram<\/strong><\/figcaption><\/figure>\n<\/div>\n<\/div>\n\n\n\n<h2 class=\"wp-block-heading\"><\/h2>\n","protected":false},"excerpt":{"rendered":"<p>Flohmarkt Karlsruhe Bannwaldallee Hallo liebe Flohmarktfreunde. Der Flohmarkt findet jeden Samstag in der Zeit von &hellip; <\/p>\n","protected":false},"author":1,"featured_media":0,"parent":0,"menu_order":0,"comment_status":"closed","ping_status":"closed","template":"","meta":{"footnotes":""},"class_list":["post-143","page","type-page","status-publish","hentry","latest_post"],"jetpack_sharing_enabled":true,"_links":{"self":[{"href":"https:\/\/mercado-maerkte.de\/index.php?rest_route=\/wp\/v2\/pages\/143","targetHints":{"allow":["GET"]}}],"collection":[{"href":"https:\/\/mercado-maerkte.de\/index.php?rest_route=\/wp\/v2\/pages"}],"about":[{"href":"https:\/\/mercado-maerkte.de\/index.php?rest_route=\/wp\/v2\/types\/page"}],"author":[{"embeddable":true,"href":"https:\/\/mercado-maerkte.de\/index.php?rest_route=\/wp\/v2\/users\/1"}],"replies":[{"embeddable":true,"href":"https:\/\/mercado-maerkte.de\/index.php?rest_route=%2Fwp%2Fv2%2Fcomments&post=143"}],"version-history":[{"count":35,"href":"https:\/\/mercado-maerkte.de\/index.php?rest_route=\/wp\/v2\/pages\/143\/revisions"}],"predecessor-version":[{"id":220,"href":"https:\/\/mercado-maerkte.de\/index.php?rest_route=\/wp\/v2\/pages\/143\/revisions\/220"}],"wp:attachment":[{"href":"https:\/\/mercado-maerkte.de\/index.php?rest_route=%2Fwp%2Fv2%2Fmedia&parent=143"}],"curies":[{"name":"wp","href":"https:\/\/api.w.org\/{rel}","templated":true}]}}